{"id":6568,"date":"2026-01-22T14:57:18","date_gmt":"2026-01-22T13:57:18","guid":{"rendered":"https:\/\/lgnmoose.gregerberglund.com\/?post_type=product&#038;p=6568"},"modified":"2026-01-22T22:43:24","modified_gmt":"2026-01-22T21:43:24","slug":"czech-republic-jihocesky-kraj","status":"publish","type":"product","link":"https:\/\/lgnmoose.gregerberglund.com\/?product=czech-republic-jihocesky-kraj","title":{"rendered":"CZECH REPUBLIC (Jihocesk\u00fd kraj)"},"content":{"rendered":"","protected":false},"excerpt":{"rendered":"<p>Budejovick\u00fd Budvar, Cesk\u00e9 Budejovice, 0,5 l AL, cm AMP<\/p>\n","protected":false},"featured_media":6569,"template":"","meta":{"_acf_changed":false,"site-sidebar-layout":"default","site-content-layout":"","ast-site-content-layout":"default","site-content-style":"default","site-sidebar-style":"default","ast-global-header-display":"","ast-banner-title-visibility":"","ast-main-header-display":"","ast-hfb-above-header-display":"","ast-hfb-below-header-display":"","ast-hfb-mobile-header-display":"","site-post-title":"","ast-breadcrumbs-content":"","ast-featured-img":"","footer-sml-layout":"","theme-transparent-header-meta":"default","adv-header-id-meta":"","stick-header-meta":"","header-above-stick-meta":"","header-main-stick-meta":"","header-below-stick-meta":"","astra-migrate-meta-layouts":"set","ast-page-background-enabled":"default","ast-page-background-meta":{"desktop":{"background-color":"var(--ast-global-color-5)","background-image":"","background-repeat":"repeat","background-position":"center center","background-size":"auto","background-attachment":"scroll","background-type":"","background-media":"","overlay-type":"","overlay-color":"","overlay-opacity":"","overlay-gradient":""},"tablet":{"background-color":"","background-image":"","background-repeat":"repeat","background-position":"center center","background-size":"auto","background-attachment":"scroll","background-type":"","background-media":"","overlay-type":"","overlay-color":"","overlay-opacity":"","overlay-gradient":""},"mobile":{"background-color":"","background-image":"","background-repeat":"repeat","background-position":"center center","background-size":"auto","background-attachment":"scroll","background-type":"","background-media":"","overlay-type":"","overlay-color":"","overlay-opacity":"","overlay-gradient":""}},"ast-content-background-meta":{"desktop":{"background-color":"var(--ast-global-color-4)","background-image":"","background-repeat":"repeat","background-position":"center center","background-size":"auto","background-attachment":"scroll","background-type":"","background-media":"","overlay-type":"","overlay-color":"","overlay-opacity":"","overlay-gradient":""},"tablet":{"background-color":"var(--ast-global-color-4)","background-image":"","background-repeat":"repeat","background-position":"center center","background-size":"auto","background-attachment":"scroll","background-type":"","background-media":"","overlay-type":"","overlay-color":"","overlay-opacity":"","overlay-gradient":""},"mobile":{"background-color":"var(--ast-global-color-4)","background-image":"","background-repeat":"repeat","background-position":"center center","background-size":"auto","background-attachment":"scroll","background-type":"","background-media":"","overlay-type":"","overlay-color":"","overlay-opacity":"","overlay-gradient":""}}},"product_brand":[],"product_cat":[26],"product_tag":[173,209],"class_list":{"0":"post-6568","1":"product","2":"type-product","3":"status-publish","4":"has-post-thumbnail","6":"product_cat-unspecified-country","7":"product_tag-ococ","8":"product_tag-show-on-start","9":"desktop-align-left","10":"tablet-align-left","11":"mobile-align-left","13":"first","14":"instock","15":"shipping-taxable","16":"product-type-simple"},"acf":[],"_links":{"self":[{"href":"https:\/\/lgnmoose.gregerberglund.com\/index.php?rest_route=\/wp\/v2\/product\/6568","targetHints":{"allow":["GET"]}}],"collection":[{"href":"https:\/\/lgnmoose.gregerberglund.com\/index.php?rest_route=\/wp\/v2\/product"}],"about":[{"href":"https:\/\/lgnmoose.gregerberglund.com\/index.php?rest_route=\/wp\/v2\/types\/product"}],"wp:featuredmedia":[{"embeddable":true,"href":"https:\/\/lgnmoose.gregerberglund.com\/index.php?rest_route=\/wp\/v2\/media\/6569"}],"wp:attachment":[{"href":"https:\/\/lgnmoose.gregerberglund.com\/index.php?rest_route=%2Fwp%2Fv2%2Fmedia&parent=6568"}],"wp:term":[{"taxonomy":"product_brand","embeddable":true,"href":"https:\/\/lgnmoose.gregerberglund.com\/index.php?rest_route=%2Fwp%2Fv2%2Fproduct_brand&post=6568"},{"taxonomy":"product_cat","embeddable":true,"href":"https:\/\/lgnmoose.gregerberglund.com\/index.php?rest_route=%2Fwp%2Fv2%2Fproduct_cat&post=6568"},{"taxonomy":"product_tag","embeddable":true,"href":"https:\/\/lgnmoose.gregerberglund.com\/index.php?rest_route=%2Fwp%2Fv2%2Fproduct_tag&post=6568"}],"curies":[{"name":"wp","href":"https:\/\/api.w.org\/{rel}","templated":true}]}}