{"id":2319,"date":"2025-11-23T20:28:13","date_gmt":"2025-11-23T19:28:13","guid":{"rendered":"https:\/\/lgnmoose.gregerberglund.com\/?post_type=product&#038;p=2319"},"modified":"2025-11-23T20:28:42","modified_gmt":"2025-11-23T19:28:42","slug":"sweden-goteborgs-bohuslan-vastergotland","status":"publish","type":"product","link":"https:\/\/lgnmoose.gregerberglund.com\/?product=sweden-goteborgs-bohuslan-vastergotland","title":{"rendered":"SWEDEN (G\u00f6teborgs &#038; Bohusl\u00e4n &#8211; V\u00e4sterg\u00f6tland)"},"content":{"rendered":"","protected":false},"excerpt":{"rendered":"<p>Porterbryggeri AB D. Carnegie &amp; Co, Gothenburg, 45cl FT, canmaker PLM<\/p>\n","protected":false},"featured_media":2371,"template":"","meta":{"_acf_changed":false,"site-sidebar-layout":"default","site-content-layout":"","ast-site-content-layout":"default","site-content-style":"default","site-sidebar-style":"default","ast-global-header-display":"","ast-banner-title-visibility":"","ast-main-header-display":"","ast-hfb-above-header-display":"","ast-hfb-below-header-display":"","ast-hfb-mobile-header-display":"","site-post-title":"","ast-breadcrumbs-content":"","ast-featured-img":"","footer-sml-layout":"","theme-transparent-header-meta":"","adv-header-id-meta":"","stick-header-meta":"","header-above-stick-meta":"","header-main-stick-meta":"","header-below-stick-meta":"","astra-migrate-meta-layouts":"default","ast-page-background-enabled":"default","ast-page-background-meta":{"desktop":{"background-color":"var(--ast-global-color-5)","background-image":"","background-repeat":"repeat","background-position":"center center","background-size":"auto","background-attachment":"scroll","background-type":"","background-media":"","overlay-type":"","overlay-color":"","overlay-opacity":"","overlay-gradient":""},"tablet":{"background-color":"","background-image":"","background-repeat":"repeat","background-position":"center center","background-size":"auto","background-attachment":"scroll","background-type":"","background-media":"","overlay-type":"","overlay-color":"","overlay-opacity":"","overlay-gradient":""},"mobile":{"background-color":"","background-image":"","background-repeat":"repeat","background-position":"center center","background-size":"auto","background-attachment":"scroll","background-type":"","background-media":"","overlay-type":"","overlay-color":"","overlay-opacity":"","overlay-gradient":""}},"ast-content-background-meta":{"desktop":{"background-color":"var(--ast-global-color-4)","background-image":"","background-repeat":"repeat","background-position":"center center","background-size":"auto","background-attachment":"scroll","background-type":"","background-media":"","overlay-type":"","overlay-color":"","overlay-opacity":"","overlay-gradient":""},"tablet":{"background-color":"var(--ast-global-color-4)","background-image":"","background-repeat":"repeat","background-position":"center center","background-size":"auto","background-attachment":"scroll","background-type":"","background-media":"","overlay-type":"","overlay-color":"","overlay-opacity":"","overlay-gradient":""},"mobile":{"background-color":"var(--ast-global-color-4)","background-image":"","background-repeat":"repeat","background-position":"center center","background-size":"auto","background-attachment":"scroll","background-type":"","background-media":"","overlay-type":"","overlay-color":"","overlay-opacity":"","overlay-gradient":""}}},"product_brand":[],"product_cat":[26],"product_tag":[173,210],"class_list":{"0":"post-2319","1":"product","2":"type-product","3":"status-publish","4":"has-post-thumbnail","6":"product_cat-unspecified-country","7":"product_tag-ococ","8":"product_tag-sweden","9":"desktop-align-left","10":"tablet-align-left","11":"mobile-align-left","13":"first","14":"instock","15":"shipping-taxable","16":"product-type-simple"},"acf":[],"_links":{"self":[{"href":"https:\/\/lgnmoose.gregerberglund.com\/index.php?rest_route=\/wp\/v2\/product\/2319","targetHints":{"allow":["GET"]}}],"collection":[{"href":"https:\/\/lgnmoose.gregerberglund.com\/index.php?rest_route=\/wp\/v2\/product"}],"about":[{"href":"https:\/\/lgnmoose.gregerberglund.com\/index.php?rest_route=\/wp\/v2\/types\/product"}],"wp:featuredmedia":[{"embeddable":true,"href":"https:\/\/lgnmoose.gregerberglund.com\/index.php?rest_route=\/wp\/v2\/media\/2371"}],"wp:attachment":[{"href":"https:\/\/lgnmoose.gregerberglund.com\/index.php?rest_route=%2Fwp%2Fv2%2Fmedia&parent=2319"}],"wp:term":[{"taxonomy":"product_brand","embeddable":true,"href":"https:\/\/lgnmoose.gregerberglund.com\/index.php?rest_route=%2Fwp%2Fv2%2Fproduct_brand&post=2319"},{"taxonomy":"product_cat","embeddable":true,"href":"https:\/\/lgnmoose.gregerberglund.com\/index.php?rest_route=%2Fwp%2Fv2%2Fproduct_cat&post=2319"},{"taxonomy":"product_tag","embeddable":true,"href":"https:\/\/lgnmoose.gregerberglund.com\/index.php?rest_route=%2Fwp%2Fv2%2Fproduct_tag&post=2319"}],"curies":[{"name":"wp","href":"https:\/\/api.w.org\/{rel}","templated":true}]}}